{"id":2735,"date":"2021-11-04T16:07:10","date_gmt":"2021-11-04T16:07:10","guid":{"rendered":"https:\/\/rsb-bv.nl\/declaration-de-confidentialite\/"},"modified":"2023-02-14T14:08:22","modified_gmt":"2023-02-14T14:08:22","slug":"declaration-de-confidentialite","status":"publish","type":"page","link":"https:\/\/rsb-bv.nl\/fr\/declaration-de-confidentialite\/","title":{"rendered":"D\u00e9claration de confidentialit\u00e9"},"content":{"rendered":"\t\t<div data-elementor-type=\"wp-page\" data-elementor-id=\"2735\" class=\"elementor elementor-2735 elementor-3\" data-elementor-post-type=\"page\">\n\t\t\t\t\t\t<section class=\"elementor-section elementor-top-section elementor-element elementor-element-9656a99 elementor-section-boxed elementor-section-height-default elementor-section-height-default\" data-id=\"9656a99\" data-element_type=\"section\" data-e-type=\"section\">\n\t\t\t\t\t\t<div class=\"elementor-container elementor-column-gap-default\">\n\t\t\t\t\t<div class=\"elementor-column elementor-col-100 elementor-top-column elementor-element elementor-element-ff343b1\" data-id=\"ff343b1\" data-element_type=\"column\" data-e-type=\"column\">\n\t\t\t<div class=\"elementor-widget-wrap elementor-element-populated\">\n\t\t\t\t\t\t<div class=\"elementor-element elementor-element-e76dc24 elementor-widget elementor-widget-text-editor\" data-id=\"e76dc24\" data-element_type=\"widget\" data-e-type=\"widget\" data-widget_type=\"text-editor.default\">\n\t\t\t\t<div class=\"elementor-widget-container\">\n\t\t\t\t\t\t\t\t\t<h1>D\u00e9claration de confidentialit\u00e9<\/h1>\n<p>RSB Facility Services B. V. et ses employ\u00e9s sont conscients que le traitement appropri\u00e9 des donn\u00e9es personnelles est un aspect indispensable de la l\u00e9gislation sur la protection de la vie priv\u00e9e. Pour garantir ce droit, vous pouvez voir dans cette d\u00e9claration ce qu\u2019il advient de vos donn\u00e9es. <\/p>\n<p>Notre d\u00e9marche est bien entendu conforme au R\u00e8glement G\u00e9n\u00e9ral sur la Protection des Donn\u00e9es (RGPD). Avec cette d\u00e9claration de confidentialit\u00e9, nous vous informons de la raison pour laquelle nous avons besoin de vos donn\u00e9es personnelles, de la mani\u00e8re dont nous les traitons et les prot\u00e9geons et de la mani\u00e8re dont vous pouvez exercer vos droits en mati\u00e8re de confidentialit\u00e9. <\/p>\n<p>RSB Facility Services B. V. \u00e9tabli \u00e0 Nieuw Vennep, est responsable du traitement des donn\u00e9es personnelles, tel qu\u2019indiqu\u00e9 dans cette d\u00e9claration de confidentialit\u00e9.<\/p>\n<h2>Donn\u00e9es personnelles que nous traitons<\/h2>\n<p>RSB Facility Services traite vos donn\u00e9es personnelles dans le but de vous proposer des devis et la conclusion \u00e9ventuelle d\u2019un contrat et sa mise en \u0153uvre.<\/p>\n<p>Si vous \u00eates un de nos clients (potentiels), nous utilisons vos donn\u00e9es personnelles pour vous faire une offre. Lorsque vous acceptez cette offre, nous utilisons vos donn\u00e9es personnelles pour livrer et facturer votre commande. <\/p>\n<p>Si vous \u00eates un de nos fournisseurs (potentiels), nous utilisons vos donn\u00e9es personnelles pour pouvoir vous contacter \u00e0 des fins d\u2019information et de coordination, pour demander un devis appropri\u00e9 et pour vous payer \u00e0 la conclusion d\u2019un accord.<\/p>\n<h2>Donn\u00e9es personnelles particuli\u00e8res et\/ou sensibles que nous traitons<\/h2>\n<p>Nous ne recueillons pas intentionnellement sur notre site internet et \/ ou par notre service des donn\u00e9es de visiteurs de notre site internet qui ont moins de 16 ans. Sauf s\u2019ils ont le consentement de leurs parents ou de leur tuteur. Cependant, nous ne pouvons pas v\u00e9rifier si un visiteur a plus de 16 ans. Nous conseillons aux parents de s\u2019impliquer dans les activit\u00e9s en ligne de leurs enfants, afin d\u2019emp\u00eacher la collecte de donn\u00e9es sur les enfants sans le consentement de leurs parents. Si vous pensez que nous avons collect\u00e9 des informations \u00e0 caract\u00e8re personnel sur un mineur sans cette autorisation, veuillez nous contacter en utilisant les coordonn\u00e9es ci-dessous et nous supprimerons ces informations.    <\/p>\n<p>Sur quelle base traitons-nous les donn\u00e9es personnelles<br \/>Pour l\u2019offre, la vente et la livraison de nos produits, le traitement des donn\u00e9es personnelles est n\u00e9cessaire dans le cadre de la conclusion et de l\u2019ex\u00e9cution d\u2019un contrat.<\/p>\n<p>Pour l\u2019enregistrement et la facturation des ventes dans l\u2019administration financi\u00e8re, le traitement des donn\u00e9es personnelles est n\u00e9cessaire \u00e0 l\u2019ex\u00e9cution d\u2019une obligation l\u00e9gale.<\/p>\n<p>Pour demander des informations sur un produit ou un service, pour passer des commandes ou des ordres, pour des questions sur la livraison et le paiement du produit ou du service livr\u00e9, le traitement des donn\u00e9es personnelles est n\u00e9cessaire aux fins d\u2019un int\u00e9r\u00eat l\u00e9gitime.<\/p>\n<h2>Combien de temps nous conservons des donn\u00e9es personnelles<\/h2>\n<p>RSB Facility Services B. V. applique \u00e0 cet effet le d\u00e9lai de conservation l\u00e9gal de 7 ans.<\/p>\n<p>Si nous avons re\u00e7u un devis de votre part, mais que nous ne sommes pas devenus votre client, nous supprimerons vos donn\u00e9es personnelles au plus tard un an apr\u00e8s notre dernier contact.<\/p>\n<p>Il est possible qu\u2019une dur\u00e9e plus longue soit convenue contractuellement (par exemple, une garantie), nous appliquerons alors cette dur\u00e9e.<\/p>\n<h2>Marketing direct<\/h2>\n<p>RSB Facility Services B. V. ne vend pas vos donn\u00e9es personnelles \u00e0 des tiers.<\/p>\n<h2>Partage de donn\u00e9es personnelles avec des tiers<\/h2>\n<p>RSB Facility Services B. V. ne partage pas de donn\u00e9es personnelles avec des tiers sauf \u00e0 la demande explicite de la personne concern\u00e9e ou pour l\u2019ex\u00e9cution d\u2019un accord, d\u2019un int\u00e9r\u00eat l\u00e9gitime ou sur la base d\u2019obligations l\u00e9gales.<\/p>\n<p>Dans le cadre de l\u2019ex\u00e9cution d\u2019un \u00e9ventuel contrat avec vous, nous pouvons \u00eatre amen\u00e9s \u00e0 fournir vos donn\u00e9es personnelles \u00e0 des parties qui nous fournissent des pi\u00e8ces, des mat\u00e9riaux et des produits ou qui effectuent des travaux que nous avons command\u00e9s.<\/p>\n<p>Nous concluons un accord de traitement avec des entreprises qui traitent vos donn\u00e9es en notre nom afin de garantir que vos donn\u00e9es personnelles soient trait\u00e9es conform\u00e9ment aux principes du RGPD. RSB Facility Services B. V. reste responsable du traitement de vos donn\u00e9es. <\/p>\n<h2>Cookies, ou techniques similaires, que nous utilisons<\/h2>\n<p>RSB Facility Services B. V. n\u2019utilise que des cookies techniques et fonctionnels et des cookies analytiques qui ne portent pas atteinte \u00e0 votre vie priv\u00e9e.<\/p>\n<p>Plus d\u2019informations sur les cookies sur la page de la <a href=\"https:\/\/rsb-bv.nl\/fr\/politique-en-matiere-de-cookies\/\">politique en mati\u00e8re de cookies<\/a>.<\/p>\n<h2>Consulter, modifier ou supprimer des donn\u00e9es<\/h2>\n<p>Vous avez le droit de nous demander de consulter vos propres donn\u00e9es personnelles. Lorsque cela est justifi\u00e9, vous pouvez \u00e9galement nous demander de compl\u00e9ter vos donn\u00e9es personnelles ou de corriger toute inexactitude. Vous avez \u00e9galement le droit de demander la suppression de vos donn\u00e9es personnelles ou de limiter l\u2019utilisation de vos donn\u00e9es personnelles. Vous pouvez \u00e9galement vous opposer \u00e0 la collecte et \u00e0 l\u2019utilisation de vos donn\u00e9es ou d\u00e9poser une plainte aupr\u00e8s de l\u2019autorit\u00e9 n\u00e9erlandaise de protection des donn\u00e9es personnelles. Enfin, vous pouvez nous demander de vous remettre vos donn\u00e9es personnelles ou de transf\u00e9rer ces donn\u00e9es \u00e0 un tiers.    <\/p>\n<p>Vous pouvez exercer votre droit en nous contactant en utilisant les coordonn\u00e9es ci-dessous. Pour vous assurer que la demande d\u2019acc\u00e8s a bien \u00e9t\u00e9 effectu\u00e9e, nous vous demandons d\u2019envoyer une copie de votre pi\u00e8ce d\u2019identit\u00e9 avec la demande. Sur cette copie, occultez votre photo de passeport, la MRZ (machine readable zone, la bande comportant les num\u00e9ros au bas du passeport), le num\u00e9ro de passeport et l\u2019identifiant personnel. Ceci afin de prot\u00e9ger votre vie priv\u00e9e. Nous r\u00e9pondrons le plus rapidement possible, et dans un d\u00e9lai maximal de quatre semaines, \u00e0 votre demande.    <\/p>\n<h2>Comment nous prot\u00e9geons les donn\u00e9es personnelles<\/h2>\n<p>RSB Facility Services B. V. prend au s\u00e9rieux la protection de vos donn\u00e9es et prend les mesures appropri\u00e9es pour emp\u00eacher toute utilisation abusive, perte, acc\u00e8s non autoris\u00e9, divulgation non autoris\u00e9e et modification non autoris\u00e9e.<\/p>\n<h2>Modification de la pr\u00e9sente d\u00e9claration de confidentialit\u00e9<\/h2>\n<p>Nous nous r\u00e9servons le droit de modifier ou de compl\u00e9ter cette d\u00e9claration de confidentialit\u00e9 de temps \u00e0 autre et publierons toute version r\u00e9vis\u00e9e sur nos sites web. Nous placerons alors un avis bien visible sur notre page d\u2019accueil et indiquerons quand la d\u00e9claration a \u00e9t\u00e9 mise \u00e0 jour pour la derni\u00e8re fois. RSB Facility Services B. V. prend au s\u00e9rieux la protection de vos donn\u00e9es et prend les mesures appropri\u00e9es pour emp\u00eacher toute utilisation abusive, perte, acc\u00e8s non autoris\u00e9, divulgation non autoris\u00e9e et modification non autoris\u00e9e.<\/p>\n<h2>Questions ou r\u00e9clamations<\/h2>\n<p>Si vous pensez que vos donn\u00e9es ne sont pas correctement s\u00e9curis\u00e9es ou qu\u2019il existe des indications d\u2019utilisation abusive, veuillez contacter notre personne de contact:<\/p>\n<p>Massimo Pesik est d\u00e9l\u00e9gu\u00e9 \u00e0 la protection des donn\u00e9es et peut \u00eatre contact\u00e9 via <a class=\"notion-link-token notion-enable-hover\" href=\"mailto:servicedesk@rsb-bv.nl\" target=\"_blank\" rel=\"noopener noreferrer\" data-token-index=\"0\"><span class=\"link-annotation-a2970dd4-112c-46b9-86c1-e9e6ad61d5fc--112312046\">servicedesk@rsb-bv.nl<\/span><\/a> ou au num\u00e9ro : 0252-629880<\/p>\n<p>RSB Facility Services B. V. prend au s\u00e9rieux la protection de vos donn\u00e9es et prend les mesures appropri\u00e9es pour emp\u00eacher toute utilisation abusive, perte, acc\u00e8s non autoris\u00e9, divulgation non autoris\u00e9e et modification non autoris\u00e9e. Cela peut \u00eatre fait par le biais du lien suivant : <a href=\"https:\/\/autoriteitpersoonsgegevens.nl\/nl\/contact-met-de-autoriteit-persoonsgegevens\/tip-ons\" target=\"_blank\" rel=\"noopener\">https:\/\/autoriteitpersoonsgegevens.nl\/nl\/contact-met-de-autoriteit-persoonsgegevens\/tip-ons<\/a><\/p>\n\t\t\t\t\t\t\t\t<\/div>\n\t\t\t\t<\/div>\n\t\t\t\t\t<\/div>\n\t\t<\/div>\n\t\t\t\t\t<\/div>\n\t\t<\/section>\n\t\t\t\t<\/div>\n\t\t","protected":false},"excerpt":{"rendered":"<p>D\u00e9claration de confidentialit\u00e9 RSB Facility Services B. V. et ses employ\u00e9s sont conscients que le traitement appropri\u00e9 des donn\u00e9es personnelles est un aspect indispensable de la l\u00e9gislation sur la protection de la vie priv\u00e9e. Pour garantir ce droit, vous pouvez voir dans cette d\u00e9claration ce qu\u2019il advient de vos donn\u00e9es. Notre d\u00e9marche est bien entendu [&hellip;]<\/p>\n","protected":false},"author":1,"featured_media":0,"parent":0,"menu_order":1,"comment_status":"closed","ping_status":"closed","template":"","meta":{"_acf_changed":false,"footnotes":""},"class_list":["post-2735","page","type-page","status-publish","hentry"],"acf":[],"yoast_head":"<!-- This site is optimized with the Yoast SEO plugin v27.3 - https:\/\/yoast.com\/product\/yoast-seo-wordpress\/ -->\n<title>D\u00e9claration de confidentialit\u00e9 - RSB Facility Services: Schoonmaak, glasbewassing en gevelreiniging<\/title>\n<meta name=\"robots\" content=\"index, follow, max-snippet:-1, max-image-preview:large, max-video-preview:-1\" \/>\n<link rel=\"canonical\" href=\"https:\/\/rsb-bv.nl\/fr\/declaration-de-confidentialite\/\" \/>\n<meta property=\"og:locale\" content=\"fr_FR\" \/>\n<meta property=\"og:type\" content=\"article\" \/>\n<meta property=\"og:title\" content=\"D\u00e9claration de confidentialit\u00e9 - RSB Facility Services: Schoonmaak, glasbewassing en gevelreiniging\" \/>\n<meta property=\"og:description\" content=\"D\u00e9claration de confidentialit\u00e9 RSB Facility Services B. V. et ses employ\u00e9s sont conscients que le traitement appropri\u00e9 des donn\u00e9es personnelles est un aspect indispensable de la l\u00e9gislation sur la protection de la vie priv\u00e9e. Pour garantir ce droit, vous pouvez voir dans cette d\u00e9claration ce qu\u2019il advient de vos donn\u00e9es. Notre d\u00e9marche est bien entendu [&hellip;]\" \/>\n<meta property=\"og:url\" content=\"https:\/\/rsb-bv.nl\/fr\/declaration-de-confidentialite\/\" \/>\n<meta property=\"og:site_name\" content=\"RSB Facility Services: Schoonmaak, glasbewassing en gevelreiniging\" \/>\n<meta property=\"article:modified_time\" content=\"2023-02-14T14:08:22+00:00\" \/>\n<meta name=\"twitter:card\" content=\"summary_large_image\" \/>\n<meta name=\"twitter:label1\" content=\"Est. reading time\" \/>\n\t<meta name=\"twitter:data1\" content=\"7 minutes\" \/>\n<script type=\"application\/ld+json\" class=\"yoast-schema-graph\">{\"@context\":\"https:\\\/\\\/schema.org\",\"@graph\":[{\"@type\":\"WebPage\",\"@id\":\"https:\\\/\\\/rsb-bv.nl\\\/fr\\\/declaration-de-confidentialite\\\/\",\"url\":\"https:\\\/\\\/rsb-bv.nl\\\/fr\\\/declaration-de-confidentialite\\\/\",\"name\":\"D\u00e9claration de confidentialit\u00e9 - RSB Facility Services: Schoonmaak, glasbewassing en gevelreiniging\",\"isPartOf\":{\"@id\":\"https:\\\/\\\/rsb-bv.nl\\\/fr\\\/#website\"},\"datePublished\":\"2021-11-04T16:07:10+00:00\",\"dateModified\":\"2023-02-14T14:08:22+00:00\",\"breadcrumb\":{\"@id\":\"https:\\\/\\\/rsb-bv.nl\\\/fr\\\/declaration-de-confidentialite\\\/#breadcrumb\"},\"inLanguage\":\"fr-FR\",\"potentialAction\":[{\"@type\":\"ReadAction\",\"target\":[\"https:\\\/\\\/rsb-bv.nl\\\/fr\\\/declaration-de-confidentialite\\\/\"]}]},{\"@type\":\"BreadcrumbList\",\"@id\":\"https:\\\/\\\/rsb-bv.nl\\\/fr\\\/declaration-de-confidentialite\\\/#breadcrumb\",\"itemListElement\":[{\"@type\":\"ListItem\",\"position\":1,\"name\":\"Home\",\"item\":\"http:\\\/\\\/rsb-bv.nl\\\/fr\\\/\"},{\"@type\":\"ListItem\",\"position\":2,\"name\":\"D\u00e9claration de confidentialit\u00e9\"}]},{\"@type\":\"WebSite\",\"@id\":\"https:\\\/\\\/rsb-bv.nl\\\/fr\\\/#website\",\"url\":\"https:\\\/\\\/rsb-bv.nl\\\/fr\\\/\",\"name\":\"RSB Facility Services: Schoonmaak, glasbewassing en gevelreiniging\",\"description\":\"\",\"publisher\":{\"@id\":\"https:\\\/\\\/rsb-bv.nl\\\/fr\\\/#organization\"},\"potentialAction\":[{\"@type\":\"SearchAction\",\"target\":{\"@type\":\"EntryPoint\",\"urlTemplate\":\"https:\\\/\\\/rsb-bv.nl\\\/fr\\\/?s={search_term_string}\"},\"query-input\":{\"@type\":\"PropertyValueSpecification\",\"valueRequired\":true,\"valueName\":\"search_term_string\"}}],\"inLanguage\":\"fr-FR\"},{\"@type\":\"Organization\",\"@id\":\"https:\\\/\\\/rsb-bv.nl\\\/fr\\\/#organization\",\"name\":\"RSB Facility Services: Schoonmaak, glasbewassing en gevelreiniging\",\"url\":\"https:\\\/\\\/rsb-bv.nl\\\/fr\\\/\",\"logo\":{\"@type\":\"ImageObject\",\"inLanguage\":\"fr-FR\",\"@id\":\"https:\\\/\\\/rsb-bv.nl\\\/fr\\\/#\\\/schema\\\/logo\\\/image\\\/\",\"url\":\"https:\\/\\/rsb-bv.nl\\/wp-content\\/uploads\\/Logo-RSB1-300x164-1.png\",\"contentUrl\":\"https:\\/\\/rsb-bv.nl\\/wp-content\\/uploads\\/Logo-RSB1-300x164-1.png\",\"width\":300,\"height\":164,\"caption\":\"RSB Facility Services: Schoonmaak, glasbewassing en gevelreiniging\"},\"image\":{\"@id\":\"https:\\\/\\\/rsb-bv.nl\\\/fr\\\/#\\\/schema\\\/logo\\\/image\\\/\"}}]}<\/script>\n<!-- \/ Yoast SEO plugin. -->","yoast_head_json":{"title":"D\u00e9claration de confidentialit\u00e9 - RSB Facility Services: Schoonmaak, glasbewassing en gevelreiniging","robots":{"index":"index","follow":"follow","max-snippet":"max-snippet:-1","max-image-preview":"max-image-preview:large","max-video-preview":"max-video-preview:-1"},"canonical":"https:\/\/rsb-bv.nl\/fr\/declaration-de-confidentialite\/","og_locale":"fr_FR","og_type":"article","og_title":"D\u00e9claration de confidentialit\u00e9 - RSB Facility Services: Schoonmaak, glasbewassing en gevelreiniging","og_description":"D\u00e9claration de confidentialit\u00e9 RSB Facility Services B. V. et ses employ\u00e9s sont conscients que le traitement appropri\u00e9 des donn\u00e9es personnelles est un aspect indispensable de la l\u00e9gislation sur la protection de la vie priv\u00e9e. Pour garantir ce droit, vous pouvez voir dans cette d\u00e9claration ce qu\u2019il advient de vos donn\u00e9es. Notre d\u00e9marche est bien entendu [&hellip;]","og_url":"https:\/\/rsb-bv.nl\/fr\/declaration-de-confidentialite\/","og_site_name":"RSB Facility Services: Schoonmaak, glasbewassing en gevelreiniging","article_modified_time":"2023-02-14T14:08:22+00:00","twitter_card":"summary_large_image","twitter_misc":{"Est. reading time":"7 minutes"},"schema":{"@context":"https:\/\/schema.org","@graph":[{"@type":"WebPage","@id":"https:\/\/rsb-bv.nl\/fr\/declaration-de-confidentialite\/","url":"https:\/\/rsb-bv.nl\/fr\/declaration-de-confidentialite\/","name":"D\u00e9claration de confidentialit\u00e9 - RSB Facility Services: Schoonmaak, glasbewassing en gevelreiniging","isPartOf":{"@id":"https:\/\/rsb-bv.nl\/fr\/#website"},"datePublished":"2021-11-04T16:07:10+00:00","dateModified":"2023-02-14T14:08:22+00:00","breadcrumb":{"@id":"https:\/\/rsb-bv.nl\/fr\/declaration-de-confidentialite\/#breadcrumb"},"inLanguage":"fr-FR","potentialAction":[{"@type":"ReadAction","target":["https:\/\/rsb-bv.nl\/fr\/declaration-de-confidentialite\/"]}]},{"@type":"BreadcrumbList","@id":"https:\/\/rsb-bv.nl\/fr\/declaration-de-confidentialite\/#breadcrumb","itemListElement":[{"@type":"ListItem","position":1,"name":"Home","item":"http:\/\/rsb-bv.nl\/fr\/"},{"@type":"ListItem","position":2,"name":"D\u00e9claration de confidentialit\u00e9"}]},{"@type":"WebSite","@id":"https:\/\/rsb-bv.nl\/fr\/#website","url":"https:\/\/rsb-bv.nl\/fr\/","name":"RSB Facility Services: Schoonmaak, glasbewassing en gevelreiniging","description":"","publisher":{"@id":"https:\/\/rsb-bv.nl\/fr\/#organization"},"potentialAction":[{"@type":"SearchAction","target":{"@type":"EntryPoint","urlTemplate":"https:\/\/rsb-bv.nl\/fr\/?s={search_term_string}"},"query-input":{"@type":"PropertyValueSpecification","valueRequired":true,"valueName":"search_term_string"}}],"inLanguage":"fr-FR"},{"@type":"Organization","@id":"https:\/\/rsb-bv.nl\/fr\/#organization","name":"RSB Facility Services: Schoonmaak, glasbewassing en gevelreiniging","url":"https:\/\/rsb-bv.nl\/fr\/","logo":{"@type":"ImageObject","inLanguage":"fr-FR","@id":"https:\/\/rsb-bv.nl\/fr\/#\/schema\/logo\/image\/","url":"https:\/\/mljz27hc3kfh.i.optimole.com\/w:auto\/h:auto\/q:90\/f:best\/https:\/\/rsb-bv.nl\/wp-content\/uploads\/Logo-RSB1-300x164-1.png","contentUrl":"https:\/\/mljz27hc3kfh.i.optimole.com\/w:auto\/h:auto\/q:90\/f:best\/https:\/\/rsb-bv.nl\/wp-content\/uploads\/Logo-RSB1-300x164-1.png","width":300,"height":164,"caption":"RSB Facility Services: Schoonmaak, glasbewassing en gevelreiniging"},"image":{"@id":"https:\/\/rsb-bv.nl\/fr\/#\/schema\/logo\/image\/"}}]}},"_links":{"self":[{"href":"https:\/\/rsb-bv.nl\/fr\/wp-json\/wp\/v2\/pages\/2735","targetHints":{"allow":["GET"]}}],"collection":[{"href":"https:\/\/rsb-bv.nl\/fr\/wp-json\/wp\/v2\/pages"}],"about":[{"href":"https:\/\/rsb-bv.nl\/fr\/wp-json\/wp\/v2\/types\/page"}],"author":[{"embeddable":true,"href":"https:\/\/rsb-bv.nl\/fr\/wp-json\/wp\/v2\/users\/1"}],"replies":[{"embeddable":true,"href":"https:\/\/rsb-bv.nl\/fr\/wp-json\/wp\/v2\/comments?post=2735"}],"version-history":[{"count":0,"href":"https:\/\/rsb-bv.nl\/fr\/wp-json\/wp\/v2\/pages\/2735\/revisions"}],"wp:attachment":[{"href":"https:\/\/rsb-bv.nl\/fr\/wp-json\/wp\/v2\/media?parent=2735"}],"curies":[{"name":"wp","href":"https:\/\/api.w.org\/{rel}","templated":true}]}}